{"id":143,"date":"2016-02-07T15:13:46","date_gmt":"2016-02-07T15:13:46","guid":{"rendered":"https:\/\/www.turkuazrestoran.com\/?page_id=143"},"modified":"2019-11-04T13:21:24","modified_gmt":"2019-11-04T13:21:24","slug":"about-us","status":"publish","type":"page","link":"https:\/\/www.turkuazrestoran.com\/bs\/about-us\/","title":{"rendered":"O  NAMA"},"content":{"rendered":"<div class=\"pearl-section wpb_row pearl-section-fluid pearl-elm-section\"><div class=\"wpb_column vc_column_container vc_col-sm-12\"><div class=\"vc_column-inner\"><div class=\"wpb_wrapper\">            <div class=\"our-story\" >\r\n                                    <div class=\"col-md-6 pull-left\">\r\n                        <div class=\"story-detail\">\r\n                                                            <div class=\"main-title\">\r\n                                                                            <span>Vrhunski gurmanski dozivljaj i ugodna <\/span>\r\n                                                                                                                <h1>ATMOSFERA<\/h1>\r\n                                                                    <\/div>\r\n                                                        <div class=\"our-story-desc\">Na\u0161i vrhunski kuhari pripremaju najbolja turska tradicionalna i lokalna doma\u0107a jela i poslastice za Va\u0161 u\u017eitak!<\/div>                              \r\n                        <\/div>\r\n                    <\/div>\r\n                                                    <div class=\"col-md-6\">\r\n                        <img src=\"https:\/\/www.turkuazrestoran.com\/wp-content\/uploads\/2019\/11\/LogoTurkuaz1096.jpg\" alt=\"Atmosphere\">\r\n                    <\/div>\r\n                            <\/div>\r\n            <\/div><\/div><\/div><\/div><div data-vc-full-width=\"true\" data-vc-full-width-init=\"false\" data-vc-stretch-content=\"true\" data-vc-parallax=\"2.5\" data-vc-parallax-o-fade=\"on\" data-vc-parallax-image=\"https:\/\/www.turkuazrestoran.com\/wp-content\/uploads\/2019\/11\/OurStorySteak.jpg\" class=\"pearl-section wpb_row pearl-section-fluid vc_custom_1572694944403 pearl-section-has-fill pearl-section-no-padding vc_general vc_parallax vc_parallax-content-moving-fade js-vc_parallax-o-fade pearl-elm-section\"><div class=\"wpb_column vc_column_container vc_col-sm-12\"><div class=\"vc_column-inner\"><div class=\"wpb_wrapper\">\r\n            <div class=\"master-town\" >\r\n                <div class=\"parallax\">\r\n                    <div class=\"detail\">\r\n                                                    <h1 style=\"color:#ffffff\">\r\n                                <span>&ldquo;<\/span>Sirovine doma\u0107e, organski orijetnisane proizvodnje<span>&rdquo;<\/span>\r\n                            <\/h1>                                                    <p>Svojim poslovanjem podr\u017eavamo rad malih proizvo\u0111a\u010da i poljoprivrednika, pa se kroz okus specijaliteta iz na\u0161e kuhinje i sami mo\u017eete uvjeriti da je doma\u0107e \u2013 najbolje!<\/p>\r\n                                                                            <a class=\"white-btn\" target=\"_self\" href=\"https:\/\/www.turkuazrestoran.com\/bs\/contact\/\">Rezervi\u0161ite odmah<\/a>\r\n                                            <\/div>\r\n                <\/div>\r\n            <\/div>\r\n            <\/div><\/div><\/div><\/div><div class=\"vc_row-full-width vc_clearfix\"><\/div><div class=\"pearl-section wpb_row pearl-section-fluid pearl-elm-section\"><div class=\"wpb_column vc_column_container vc_col-sm-12\"><div class=\"vc_column-inner\"><div class=\"wpb_wrapper\">            <div class=\"restaurant-tour\" >\r\n                                    <div class=\"main-title\">\r\n                                                    <span>Turkuaz<\/span>\r\n                                                                            <h1>TURSKI RESTORAN<\/h1>\r\n                                                <p>Turkuaz Caf\u00e9 &amp; Restaurant je otvorio vrata za svoje goste u 2010. godini i, jo\u0161 od prvog plamena vatre u na\u0161oj kuhinji, specijaliteti sa ro\u0161tilja, kebabi, \u010dorbe, i mnogi drugi kako turski tako i doma\u0107i specijaliteti krase trpeze na\u0161eg restorana i donose magi\u010dne okuse turske kuhinje u na\u0161 grad. Novi, renovirani enterijer restorana pru\u017eiti \u0107e Vam nezaboravne trenutke u svim specijalnim prilikama za Vas i Va\u0161e najmilije.<\/p>                    <\/div>\r\n                \r\n                <div id=\"tour-YzPrU\" class=\"owl-carousel owl-theme\">\r\n                                                    <div class=\"item\">\r\n                                    <img src=\"https:\/\/www.turkuazrestoran.com\/wp-content\/uploads\/2019\/11\/OurGallery1.jpg\" alt=\"gallery\" \/>\r\n                                <\/div>\r\n                                                                <div class=\"item\">\r\n                                    <img src=\"https:\/\/www.turkuazrestoran.com\/wp-content\/uploads\/2019\/11\/OurGallery2.jpg\" alt=\"gallery\" \/>\r\n                                <\/div>\r\n                                                                <div class=\"item\">\r\n                                    <img src=\"https:\/\/www.turkuazrestoran.com\/wp-content\/uploads\/2019\/11\/OurGallery3.jpg\" alt=\"gallery\" \/>\r\n                                <\/div>\r\n                                                <\/div>\r\n                <script>\r\n                    jQuery(document).ready(function() {\r\n                        jQuery(\"#tour-YzPrU\").owlCarousel({\r\n                            navigation: true, \/\/ Show next and prev buttons\r\n                            slideSpeed: 300,\r\n                            paginationSpeed: 400,\r\n                            singleItem: true\r\n                        });\r\n                    });\r\n                <\/script>\r\n            <\/div>\r\n            <\/div><\/div><\/div><\/div>","protected":false},"excerpt":{"rendered":"Traditional Authentic Atmosphere In an authentic atmosphere for your preparation Turkish traditional dishes and desserts &ldquo;Locally Sourced &amp; Organic Oriented&rdquo; We are constantly buying and helping local busineses and organic farmers, with locally sourced produce. Reservation Now Turkuaz TURKISH RESTAURANT Turkuaz Cafe &amp; Restaurant has been keeping the taste of traditional Turkish cuisine since 2010....","protected":false},"author":2,"featured_media":480,"parent":0,"menu_order":0,"comment_status":"closed","ping_status":"closed","template":"","meta":[],"yoast_head":"<!-- This site is optimized with the Yoast SEO plugin v19.8 - https:\/\/yoast.com\/wordpress\/plugins\/seo\/ -->\n<title>Our Story - Turkuaz Restoran<\/title>\n<meta name=\"robots\" content=\"index, follow, max-snippet:-1, max-image-preview:large, max-video-preview:-1\" \/>\n<link rel=\"canonical\" href=\"https:\/\/www.turkuazrestoran.com\/bs\/about-us\/\" \/>\n<meta property=\"og:locale\" content=\"bs_BA\" \/>\n<meta property=\"og:type\" content=\"article\" \/>\n<meta property=\"og:title\" content=\"Our Story - Turkuaz Restoran\" \/>\n<meta property=\"og:url\" content=\"https:\/\/www.turkuazrestoran.com\/bs\/about-us\/\" \/>\n<meta property=\"og:site_name\" content=\"Turkuaz Restoran\" \/>\n<meta property=\"article:modified_time\" content=\"2019-11-04T13:21:24+00:00\" \/>\n<meta property=\"og:image\" content=\"https:\/\/secureservercdn.net\/160.153.137.5\/rkl.7fd.myftpupload.com\/wp-content\/uploads\/2019\/11\/OurStory1900Bg.jpg?time=1666061702\" \/>\n\t<meta property=\"og:image:width\" content=\"1900\" \/>\n\t<meta property=\"og:image:height\" content=\"507\" \/>\n\t<meta property=\"og:image:type\" content=\"image\/jpeg\" \/>\n<meta name=\"twitter:card\" content=\"summary_large_image\" \/>\n<meta name=\"twitter:label1\" content=\"Est. reading time\" \/>\n\t<meta name=\"twitter:data1\" content=\"1 minuta\" \/>\n<script type=\"application\/ld+json\" class=\"yoast-schema-graph\">{\"@context\":\"https:\/\/schema.org\",\"@graph\":[{\"@type\":\"WebPage\",\"@id\":\"https:\/\/www.turkuazrestoran.com\/about-us\/\",\"url\":\"https:\/\/www.turkuazrestoran.com\/about-us\/\",\"name\":\"Our Story - Turkuaz Restoran\",\"isPartOf\":{\"@id\":\"https:\/\/www.turkuazrestoran.com\/#website\"},\"datePublished\":\"2016-02-07T15:13:46+00:00\",\"dateModified\":\"2019-11-04T13:21:24+00:00\",\"breadcrumb\":{\"@id\":\"https:\/\/www.turkuazrestoran.com\/about-us\/#breadcrumb\"},\"inLanguage\":\"bs-BA\",\"potentialAction\":[{\"@type\":\"ReadAction\",\"target\":[\"https:\/\/www.turkuazrestoran.com\/about-us\/\"]}]},{\"@type\":\"BreadcrumbList\",\"@id\":\"https:\/\/www.turkuazrestoran.com\/about-us\/#breadcrumb\",\"itemListElement\":[{\"@type\":\"ListItem\",\"position\":1,\"name\":\"Ana sayfa\",\"item\":\"https:\/\/www.turkuazrestoran.com\/\"},{\"@type\":\"ListItem\",\"position\":2,\"name\":\"Our Story\"}]},{\"@type\":\"WebSite\",\"@id\":\"https:\/\/www.turkuazrestoran.com\/#website\",\"url\":\"https:\/\/www.turkuazrestoran.com\/\",\"name\":\"Turkuaz Restoran\",\"description\":\"Best Turkish Restoran in the town\",\"potentialAction\":[{\"@type\":\"SearchAction\",\"target\":{\"@type\":\"EntryPoint\",\"urlTemplate\":\"https:\/\/www.turkuazrestoran.com\/?s={search_term_string}\"},\"query-input\":\"required name=search_term_string\"}],\"inLanguage\":\"bs-BA\"}]}<\/script>\n<!-- \/ Yoast SEO plugin. -->","yoast_head_json":{"title":"Our Story - Turkuaz Restoran","robots":{"index":"index","follow":"follow","max-snippet":"max-snippet:-1","max-image-preview":"max-image-preview:large","max-video-preview":"max-video-preview:-1"},"canonical":"https:\/\/www.turkuazrestoran.com\/bs\/about-us\/","og_locale":"bs_BA","og_type":"article","og_title":"Our Story - Turkuaz Restoran","og_url":"https:\/\/www.turkuazrestoran.com\/bs\/about-us\/","og_site_name":"Turkuaz Restoran","article_modified_time":"2019-11-04T13:21:24+00:00","og_image":[{"width":1900,"height":507,"url":"https:\/\/secureservercdn.net\/160.153.137.5\/rkl.7fd.myftpupload.com\/wp-content\/uploads\/2019\/11\/OurStory1900Bg.jpg?time=1666061702","type":"image\/jpeg"}],"twitter_card":"summary_large_image","twitter_misc":{"Est. reading time":"1 minuta"},"schema":{"@context":"https:\/\/schema.org","@graph":[{"@type":"WebPage","@id":"https:\/\/www.turkuazrestoran.com\/about-us\/","url":"https:\/\/www.turkuazrestoran.com\/about-us\/","name":"Our Story - Turkuaz Restoran","isPartOf":{"@id":"https:\/\/www.turkuazrestoran.com\/#website"},"datePublished":"2016-02-07T15:13:46+00:00","dateModified":"2019-11-04T13:21:24+00:00","breadcrumb":{"@id":"https:\/\/www.turkuazrestoran.com\/about-us\/#breadcrumb"},"inLanguage":"bs-BA","potentialAction":[{"@type":"ReadAction","target":["https:\/\/www.turkuazrestoran.com\/about-us\/"]}]},{"@type":"BreadcrumbList","@id":"https:\/\/www.turkuazrestoran.com\/about-us\/#breadcrumb","itemListElement":[{"@type":"ListItem","position":1,"name":"Ana sayfa","item":"https:\/\/www.turkuazrestoran.com\/"},{"@type":"ListItem","position":2,"name":"Our Story"}]},{"@type":"WebSite","@id":"https:\/\/www.turkuazrestoran.com\/#website","url":"https:\/\/www.turkuazrestoran.com\/","name":"Turkuaz Restoran","description":"Best Turkish Restoran in the town","potentialAction":[{"@type":"SearchAction","target":{"@type":"EntryPoint","urlTemplate":"https:\/\/www.turkuazrestoran.com\/?s={search_term_string}"},"query-input":"required name=search_term_string"}],"inLanguage":"bs-BA"}]}},"_links":{"self":[{"href":"https:\/\/www.turkuazrestoran.com\/bs\/wp-json\/wp\/v2\/pages\/143"}],"collection":[{"href":"https:\/\/www.turkuazrestoran.com\/bs\/wp-json\/wp\/v2\/pages"}],"about":[{"href":"https:\/\/www.turkuazrestoran.com\/bs\/wp-json\/wp\/v2\/types\/page"}],"author":[{"embeddable":true,"href":"https:\/\/www.turkuazrestoran.com\/bs\/wp-json\/wp\/v2\/users\/2"}],"replies":[{"embeddable":true,"href":"https:\/\/www.turkuazrestoran.com\/bs\/wp-json\/wp\/v2\/comments?post=143"}],"version-history":[{"count":18,"href":"https:\/\/www.turkuazrestoran.com\/bs\/wp-json\/wp\/v2\/pages\/143\/revisions"}],"predecessor-version":[{"id":599,"href":"https:\/\/www.turkuazrestoran.com\/bs\/wp-json\/wp\/v2\/pages\/143\/revisions\/599"}],"wp:featuredmedia":[{"embeddable":true,"href":"https:\/\/www.turkuazrestoran.com\/bs\/wp-json\/wp\/v2\/media\/480"}],"wp:attachment":[{"href":"https:\/\/www.turkuazrestoran.com\/bs\/wp-json\/wp\/v2\/media?parent=143"}],"curies":[{"name":"wp","href":"https:\/\/api.w.org\/{rel}","templated":true}]}}